{"id":11,"date":"2018-05-29T12:30:27","date_gmt":"2018-05-29T10:30:27","guid":{"rendered":"http:\/\/twojeplandeki.pl\/?page_id=11"},"modified":"2018-05-31T13:08:55","modified_gmt":"2018-05-31T11:08:55","slug":"kurtyny-spawalnicze","status":"publish","type":"page","link":"http:\/\/twojeplandeki.pl\/index.php\/kurtyny-spawalnicze\/","title":{"rendered":"Kurtyny spawalnicze"},"content":{"rendered":"<p>Kurtyny spawalnicze zapewniaj\u0105 skuteczn\u0105 ochron\u0119 przed szkodliwym dzia\u0142aniem promieniowania,, iskrami i odpryskami spawanych element\u00f3w, oddzielaj\u0105c obszar roboczy spawacza od reszty pracownik\u00f3w. <\/p>\n<p>&nbsp;<\/p>\n<div class=\"foogallery foogallery-container foogallery-default foogallery-lightbox-foobox fg-gutter-10 fg-center fg-default fg-light fg-border-thin fg-round-medium fg-shadow-outline fg-loading-default fg-loaded-fade-in fg-caption-hover fg-hover-fade fg-hover-zoom fg-ready\" id=\"foogallery-gallery-124\" data-foogallery=\"{&quot;item&quot;:{&quot;showCaptionTitle&quot;:true,&quot;showCaptionDescription&quot;:true},&quot;lazy&quot;:true}\" >\r\n\t<div class=\"fg-item fg-type-image fg-idle\"><figure class=\"fg-item-inner\"><a href=\"http:\/\/twojeplandeki.pl\/wp-content\/uploads\/2018\/05\/kurt.jpg\" data-attachment-id=\"125\" class=\"fg-thumb\"><span class=\"fg-image-wrap\"><img width=\"150\" height=\"150\" class=\"skip-lazy fg-image\" data-src-fg=\"http:\/\/twojeplandeki.pl\/wp-content\/uploads\/cache\/2018\/05\/kurt\/1118093961.jpg\" src=\"data:image\/svg+xml,%3Csvg%20xmlns%3D%22http%3A%2F%2Fwww.w3.org%2F2000%2Fsvg%22%20width%3D%22150%22%20height%3D%22150%22%20viewBox%3D%220%200%20150%20150%22%3E%3C%2Fsvg%3E\" \/><\/span><span class=\"fg-image-overlay\"><\/span><\/a><figcaption class=\"fg-caption\"><div class=\"fg-caption-inner\"><\/div><\/figcaption><\/figure><div class=\"fg-loader\"><\/div><\/div><div class=\"fg-item fg-type-image fg-idle\"><figure class=\"fg-item-inner\"><a href=\"http:\/\/twojeplandeki.pl\/wp-content\/uploads\/2018\/05\/kurtyn4.jpg\" data-attachment-id=\"126\" class=\"fg-thumb\"><span class=\"fg-image-wrap\"><img width=\"150\" height=\"150\" class=\"skip-lazy fg-image\" data-src-fg=\"http:\/\/twojeplandeki.pl\/wp-content\/uploads\/cache\/2018\/05\/kurtyn4\/573841256.jpg\" src=\"data:image\/svg+xml,%3Csvg%20xmlns%3D%22http%3A%2F%2Fwww.w3.org%2F2000%2Fsvg%22%20width%3D%22150%22%20height%3D%22150%22%20viewBox%3D%220%200%20150%20150%22%3E%3C%2Fsvg%3E\" \/><\/span><span class=\"fg-image-overlay\"><\/span><\/a><figcaption class=\"fg-caption\"><div class=\"fg-caption-inner\"><\/div><\/figcaption><\/figure><div class=\"fg-loader\"><\/div><\/div><div class=\"fg-item fg-type-image fg-idle\"><figure class=\"fg-item-inner\"><a href=\"http:\/\/twojeplandeki.pl\/wp-content\/uploads\/2018\/05\/kurtyna-3.jpg\" data-attachment-id=\"127\" class=\"fg-thumb\"><span class=\"fg-image-wrap\"><img width=\"150\" height=\"150\" class=\"skip-lazy fg-image\" data-src-fg=\"http:\/\/twojeplandeki.pl\/wp-content\/uploads\/cache\/2018\/05\/kurtyna-3\/568929164.jpg\" src=\"data:image\/svg+xml,%3Csvg%20xmlns%3D%22http%3A%2F%2Fwww.w3.org%2F2000%2Fsvg%22%20width%3D%22150%22%20height%3D%22150%22%20viewBox%3D%220%200%20150%20150%22%3E%3C%2Fsvg%3E\" \/><\/span><span class=\"fg-image-overlay\"><\/span><\/a><figcaption class=\"fg-caption\"><div class=\"fg-caption-inner\"><\/div><\/figcaption><\/figure><div class=\"fg-loader\"><\/div><\/div><div class=\"fg-item fg-type-image fg-idle\"><figure class=\"fg-item-inner\"><a href=\"http:\/\/twojeplandeki.pl\/wp-content\/uploads\/2018\/05\/kurtyna.jpg\" data-attachment-id=\"128\" class=\"fg-thumb\"><span class=\"fg-image-wrap\"><img width=\"150\" height=\"150\" class=\"skip-lazy fg-image\" data-src-fg=\"http:\/\/twojeplandeki.pl\/wp-content\/uploads\/cache\/2018\/05\/kurtyna\/3355430805.jpg\" src=\"data:image\/svg+xml,%3Csvg%20xmlns%3D%22http%3A%2F%2Fwww.w3.org%2F2000%2Fsvg%22%20width%3D%22150%22%20height%3D%22150%22%20viewBox%3D%220%200%20150%20150%22%3E%3C%2Fsvg%3E\" \/><\/span><span class=\"fg-image-overlay\"><\/span><\/a><figcaption class=\"fg-caption\"><div class=\"fg-caption-inner\"><\/div><\/figcaption><\/figure><div class=\"fg-loader\"><\/div><\/div><div class=\"fg-item fg-type-image fg-idle\"><figure class=\"fg-item-inner\"><a href=\"http:\/\/twojeplandeki.pl\/wp-content\/uploads\/2018\/05\/kurtyna2.jpg\" data-attachment-id=\"129\" class=\"fg-thumb\"><span class=\"fg-image-wrap\"><img width=\"150\" height=\"150\" class=\"skip-lazy fg-image\" data-src-fg=\"http:\/\/twojeplandeki.pl\/wp-content\/uploads\/cache\/2018\/05\/kurtyna2\/2956550632.jpg\" src=\"data:image\/svg+xml,%3Csvg%20xmlns%3D%22http%3A%2F%2Fwww.w3.org%2F2000%2Fsvg%22%20width%3D%22150%22%20height%3D%22150%22%20viewBox%3D%220%200%20150%20150%22%3E%3C%2Fsvg%3E\" \/><\/span><span class=\"fg-image-overlay\"><\/span><\/a><figcaption class=\"fg-caption\"><div class=\"fg-caption-inner\"><\/div><\/figcaption><\/figure><div class=\"fg-loader\"><\/div><\/div><div class=\"fg-item fg-type-image fg-idle\"><figure class=\"fg-item-inner\"><a href=\"http:\/\/twojeplandeki.pl\/wp-content\/uploads\/2018\/05\/schweisserschutzvorhang_s4_hellgruen_1.jpeg\" data-attachment-id=\"130\" class=\"fg-thumb\"><span class=\"fg-image-wrap\"><img width=\"150\" height=\"150\" class=\"skip-lazy fg-image\" data-src-fg=\"http:\/\/twojeplandeki.pl\/wp-content\/uploads\/cache\/2018\/05\/schweisserschutzvorhang_s4_hellgruen_1\/1609419540.jpeg\" src=\"data:image\/svg+xml,%3Csvg%20xmlns%3D%22http%3A%2F%2Fwww.w3.org%2F2000%2Fsvg%22%20width%3D%22150%22%20height%3D%22150%22%20viewBox%3D%220%200%20150%20150%22%3E%3C%2Fsvg%3E\" \/><\/span><span class=\"fg-image-overlay\"><\/span><\/a><figcaption class=\"fg-caption\"><div class=\"fg-caption-inner\"><\/div><\/figcaption><\/figure><div class=\"fg-loader\"><\/div><\/div><\/div>\r\n\n","protected":false},"excerpt":{"rendered":"<p>Kurtyny spawalnicze zapewniaj\u0105 skuteczn\u0105 ochron\u0119 przed szkodliwym dzia\u0142aniem promieniowania,, iskrami i odpryskami spawanych element\u00f3w, oddzielaj\u0105c obszar roboczy spawacza od reszty pracownik\u00f3w. &nbsp;<\/p>\n","protected":false},"author":1,"featured_media":0,"parent":0,"menu_order":0,"comment_status":"closed","ping_status":"closed","template":"","meta":[],"_links":{"self":[{"href":"http:\/\/twojeplandeki.pl\/index.php\/wp-json\/wp\/v2\/pages\/11"}],"collection":[{"href":"http:\/\/twojeplandeki.pl\/index.php\/wp-json\/wp\/v2\/pages"}],"about":[{"href":"http:\/\/twojeplandeki.pl\/index.php\/wp-json\/wp\/v2\/types\/page"}],"author":[{"embeddable":true,"href":"http:\/\/twojeplandeki.pl\/index.php\/wp-json\/wp\/v2\/users\/1"}],"replies":[{"embeddable":true,"href":"http:\/\/twojeplandeki.pl\/index.php\/wp-json\/wp\/v2\/comments?post=11"}],"version-history":[{"count":3,"href":"http:\/\/twojeplandeki.pl\/index.php\/wp-json\/wp\/v2\/pages\/11\/revisions"}],"predecessor-version":[{"id":132,"href":"http:\/\/twojeplandeki.pl\/index.php\/wp-json\/wp\/v2\/pages\/11\/revisions\/132"}],"wp:attachment":[{"href":"http:\/\/twojeplandeki.pl\/index.php\/wp-json\/wp\/v2\/media?parent=11"}],"curies":[{"name":"wp","href":"https:\/\/api.w.org\/{rel}","templated":true}]}}